{"id":1010,"date":"2025-09-17T09:01:22","date_gmt":"2025-09-17T09:01:22","guid":{"rendered":"https:\/\/puntoycomaspanish.nl\/about-2\/"},"modified":"2025-10-20T16:40:15","modified_gmt":"2025-10-20T16:40:15","slug":"about-2","status":"publish","type":"page","link":"https:\/\/puntoycomaspanish.nl\/nl\/about-2\/","title":{"rendered":"Over"},"content":{"rendered":"<div class=\"wp-block-uagb-container uagb-block-91b83e74 alignfull uagb-is-root-container\"><div class=\"uagb-container-inner-blocks-wrap\">\n<div class=\"wp-block-uagb-advanced-heading uagb-block-e6ecb224\"><h1 class=\"uagb-heading-text\">IETS OVER MIJ EN MIJN LESMETHODE<\/h1><\/div>\n<\/div><\/div>\n\n\n\n<div class=\"wp-block-uagb-container uagb-block-a88a6894 alignfull uagb-is-root-container\"><div class=\"uagb-container-inner-blocks-wrap\">\n<div class=\"wp-block-uagb-container uagb-block-8a65edad\">\n<div class=\"wp-block-uagb-advanced-heading uagb-block-a60405cc\"><h4 class=\"uagb-heading-text\"><span role=\"textbox\" aria-multiline=\"true\" class=\"block-editor-rich-text__editable uagb-heading-text rich-text\" aria-label=\"Write a Heading\" style=\"display: block; font-size: 1.375rem; line-height: 1.3em; word-break: break-word; min-width: 1px;\">\u00a1HOLA! IK BEN LOURDES, JOUW SPAANSE DOCENTE<\/span><p role=\"textbox\" aria-multiline=\"true\" class=\"block-editor-rich-text__editable uagb-desc-text rich-text\" aria-label=\"Write a Description\" style=\"font-size: 16px; font-family: Mulish, sans-serif; font-weight: 400; text-transform: none; min-width: 1px;\"><\/p><\/h4><p class=\"uagb-desc-text\">Als geboren Spaanse die in meerdere landen heeft gewoond, breng ik een breed scala aan perspectieven en ervaringen mee naar onze lessen.<br><br>Ik ben opgeleid als docent Spaans als vreemde taal aan het Instituto Cervantes in Utrecht en ben later gecertificeerd DELE-examinator geworden (niveaus A1 tot en met C1). Dankzij deze achtergrond weet ik precies wat er verwacht wordt op elk taalniveau \u2013 of je nu een officieel examen voorbereidt of gewoon je vooruitgang met vertrouwen wilt volgen.<br><br>Voordat ik docent werd, werkte ik tien jaar als geoloog in de grondstoffenindustrie. Die ervaring helpt me om me goed te kunnen inleven in de professionele wereld en om de taal van de werkvloer te begrijpen. Hierdoor ontwerp ik lessen die niet alleen over grammatica of woordenschat gaan, maar vooral over het omgaan met \u00e9chte situaties \u2014 in vergaderingen, e-mails en interculturele contexten.<br><br>Daarnaast heb ik ook grafisch ontwerp gestudeerd \u2014 wat een creatieve en visuele dimensie toevoegt aan mijn manier van lesgeven.<br><br>Wat mij echt motiveert, is de band die ik opbouw met mijn studenten: samen leren en hun vooruitgang zien. Ik geloof dat taalleren doelgericht, persoonlijk \u00e9n leuk moet zijn.<br><br><strong>Zin om Spaans te leren met mij?<\/strong><\/p><\/div>\n\n\n\n<figure class=\"wp-block-image size-large has-custom-border is-style-default wp-duotone-unset-1\"><img loading=\"lazy\" decoding=\"async\" width=\"768\" height=\"1024\" src=\"https:\/\/puntoycomaspanish.nl\/wp-content\/uploads\/2025\/09\/IMG_5780-1-768x1024.jpeg\" alt=\"\" class=\"has-border-color has-ast-global-color-5-border-color wp-image-1285\" style=\"border-width:15px;border-radius:5px;box-shadow:var(--wp--preset--shadow--natural);object-fit:cover\" srcset=\"https:\/\/puntoycomaspanish.nl\/wp-content\/uploads\/2025\/09\/IMG_5780-1-768x1024.jpeg 768w, https:\/\/puntoycomaspanish.nl\/wp-content\/uploads\/2025\/09\/IMG_5780-1-225x300.jpeg 225w, https:\/\/puntoycomaspanish.nl\/wp-content\/uploads\/2025\/09\/IMG_5780-1.jpeg 960w\" sizes=\"auto, (max-width: 768px) 100vw, 768px\" \/><\/figure>\n<\/div>\n<\/div><\/div>\n\n\n\n<div class=\"wp-block-uagb-container uagb-block-e9f6c7a9 alignfull uagb-is-root-container\"><div class=\"uagb-container-inner-blocks-wrap\">\n<div class=\"wp-block-uagb-container uagb-block-69a71ffa\">\n<figure class=\"wp-block-image size-full has-custom-border is-style-default wp-duotone-unset-2\"><img loading=\"lazy\" decoding=\"async\" width=\"551\" height=\"721\" src=\"https:\/\/puntoycomaspanish.nl\/wp-content\/uploads\/2025\/09\/work-desk-1.jpg\" alt=\"\" class=\"has-border-color has-ast-global-color-5-border-color wp-image-1420\" style=\"border-width:15px;border-radius:5px;box-shadow:var(--wp--preset--shadow--natural)\" srcset=\"https:\/\/puntoycomaspanish.nl\/wp-content\/uploads\/2025\/09\/work-desk-1.jpg 551w, https:\/\/puntoycomaspanish.nl\/wp-content\/uploads\/2025\/09\/work-desk-1-229x300.jpg 229w\" sizes=\"auto, (max-width: 551px) 100vw, 551px\" \/><\/figure>\n\n\n\n<div class=\"wp-block-uagb-info-box uagb-block-5ae15665 uagb-infobox__content-wrap  uagb-infobox-icon-above-title uagb-infobox-image-valign-top\"><div class=\"uagb-ifb-content\"><div class=\"uagb-ifb-title-wrap\"><h3 class=\"uagb-ifb-title\">MIJN LESMETHODE<\/h3><\/div><p class=\"uagb-ifb-desc\">Mijn aanpak draait volledig om het bereiken van jouw taaldoelen op een natuurlijke, motiverende en doeltreffende manier. Vanaf dag \u00e9\u00e9n ligt de focus op communicatie. Ik cre\u00eber een leeromgeving waarin je je op je gemak voelt om Spaans actief te gebruiken \u2014 in plaats van&nbsp;<em>over<\/em>&nbsp;de taal te leren.<br><br>Ik ben opgeleid <strong>in de communicatieve aanpak,<\/strong> wat betekent dat we werken aan wat&nbsp;<em>jij<\/em>&nbsp;\u00e9cht wilt kunnen zeggen in dagelijkse situaties. Grammatica en woordenschat beschouw ik als essenti\u00eble hulpmiddelen die zinvolle communicatie ondersteunen \u2014 niet als droge regels om uit je hoofd te leren.<br><br>Ik heb gewerkt met <strong>een breed scala aan lesmethodes en materialen<\/strong> \u2014 van algemeen Spaans tot examenvoorbereiding en zakelijk Spaans. Daardoor kan ik de juiste bronnen kiezen voor elke student of groep, en deze aanpassen aan jouw niveau, tempo en interesses.<br><br>Volg je online lessen? <strong>online classes<\/strong>Dan krijg je veel meer dan alleen een videogesprek. Ik gebruik een speciaal leerplatform dat gekoppeld is aan de methodes die we in de les gebruiken. Je kunt je huiswerk online maken, en ik geef er direct feedback op. Dit is ook een handige manier om je vooruitgang tussen de lessen door bij te houden en consistent te blijven leren.<br><br>De lessen worden altijd afgestemd op jouw persoonlijke doelen en leerstijl. <strong>Je oefent alle vier de vaardigheden<\/strong> <strong>\u2014 spreken, luisteren, lezen en schrijven \u2014<\/strong> op een manier die praktisch, samenhangend en boeiend is.<br><br>Stap voor stap bouw je aan zelfvertrouwen en vloeiendheid \u2014 op een manier die echt blijft hangen.<\/p><\/div><\/div>\n<\/div>\n<\/div><\/div>\n\n\n\n<footer class=\"wp-block-uagb-container uagb-block-63ed8b00 alignfull uagb-is-root-container\">\n<div class=\"wp-block-uagb-info-box uagb-block-76a5e3b2 uagb-infobox__content-wrap  uagb-infobox-icon-above-title uagb-infobox-image-valign-top\"><div class=\"uagb-ifb-content\"><div class=\"uagb-ifb-title-wrap\"><h2 class=\"uagb-ifb-title\">Begin vandaag nog met Spaans leren<\/h2><\/div><div class=\"uagb-ifb-button-wrapper wp-block-button\"><a href=\"mailto:info@puntoycomaspanish.nl\" class=\"uagb-infobox-cta-link wp-block-button__link\" target=\"_self\" rel=\"noopener noreferrer\" onclick=\"return true;\"><span class=\"uagb-inline-editing\">Boek nu je gratis proefles van 1 uur<\/span><\/a><\/div><\/div><\/div>\n<\/footer>","protected":false},"excerpt":{"rendered":"<p>a bit about me and my teaching style \u00a1HOLA! I am lourdes, your spanish teacher As a native Spaniard who [&hellip;]<\/p>","protected":false},"author":1,"featured_media":0,"parent":0,"menu_order":0,"comment_status":"closed","ping_status":"closed","template":"","meta":{"_uag_custom_page_level_css":"","site-sidebar-layout":"no-sidebar","site-content-layout":"","ast-site-content-layout":"normal-width-container","site-content-style":"default","site-sidebar-style":"default","ast-global-header-display":"","ast-banner-title-visibility":"","ast-main-header-display":"","ast-hfb-above-header-display":"","ast-hfb-below-header-display":"","ast-hfb-mobile-header-display":"","site-post-title":"disabled","ast-breadcrumbs-content":"","ast-featured-img":"","footer-sml-layout":"","theme-transparent-header-meta":"","adv-header-id-meta":"","stick-header-meta":"","header-above-stick-meta":"","header-main-stick-meta":"","header-below-stick-meta":"","astra-migrate-meta-layouts":"default","ast-page-background-enabled":"default","ast-page-background-meta":{"desktop":{"background-color":"var(--ast-global-color-4)","background-image":"","background-repeat":"repeat","background-position":"center center","background-size":"auto","background-attachment":"scroll","background-type":"","background-media":"","overlay-type":"","overlay-color":"","overlay-opacity":"","overlay-gradient":""},"tablet":{"background-color":"","background-image":"","background-repeat":"repeat","background-position":"center center","background-size":"auto","background-attachment":"scroll","background-type":"","background-media":"","overlay-type":"","overlay-color":"","overlay-opacity":"","overlay-gradient":""},"mobile":{"background-color":"","background-image":"","background-repeat":"repeat","background-position":"center center","background-size":"auto","background-attachment":"scroll","background-type":"","background-media":"","overlay-type":"","overlay-color":"","overlay-opacity":"","overlay-gradient":""}},"ast-content-background-meta":{"desktop":{"background-color":"var(--ast-global-color-5)","background-image":"","background-repeat":"repeat","background-position":"center center","background-size":"auto","background-attachment":"scroll","background-type":"","background-media":"","overlay-type":"","overlay-color":"","overlay-opacity":"","overlay-gradient":""},"tablet":{"background-color":"var(--ast-global-color-5)","background-image":"","background-repeat":"repeat","background-position":"center center","background-size":"auto","background-attachment":"scroll","background-type":"","background-media":"","overlay-type":"","overlay-color":"","overlay-opacity":"","overlay-gradient":""},"mobile":{"background-color":"var(--ast-global-color-5)","background-image":"","background-repeat":"repeat","background-position":"center center","background-size":"auto","background-attachment":"scroll","background-type":"","background-media":"","overlay-type":"","overlay-color":"","overlay-opacity":"","overlay-gradient":""}},"footnotes":""},"class_list":["post-1010","page","type-page","status-publish","hentry"],"uagb_featured_image_src":{"full":false,"thumbnail":false,"medium":false,"medium_large":false,"large":false,"1536x1536":false,"2048x2048":false,"trp-custom-language-flag":false},"uagb_author_info":{"display_name":"admin","author_link":"https:\/\/puntoycomaspanish.nl\/nl\/author\/admin\/"},"uagb_comment_info":0,"uagb_excerpt":"a bit about me and my teaching style \u00a1HOLA! I am lourdes, your spanish teacher As a native Spaniard who [&hellip;]","_links":{"self":[{"href":"https:\/\/puntoycomaspanish.nl\/nl\/wp-json\/wp\/v2\/pages\/1010","targetHints":{"allow":["GET"]}}],"collection":[{"href":"https:\/\/puntoycomaspanish.nl\/nl\/wp-json\/wp\/v2\/pages"}],"about":[{"href":"https:\/\/puntoycomaspanish.nl\/nl\/wp-json\/wp\/v2\/types\/page"}],"author":[{"embeddable":true,"href":"https:\/\/puntoycomaspanish.nl\/nl\/wp-json\/wp\/v2\/users\/1"}],"replies":[{"embeddable":true,"href":"https:\/\/puntoycomaspanish.nl\/nl\/wp-json\/wp\/v2\/comments?post=1010"}],"version-history":[{"count":23,"href":"https:\/\/puntoycomaspanish.nl\/nl\/wp-json\/wp\/v2\/pages\/1010\/revisions"}],"predecessor-version":[{"id":1451,"href":"https:\/\/puntoycomaspanish.nl\/nl\/wp-json\/wp\/v2\/pages\/1010\/revisions\/1451"}],"wp:attachment":[{"href":"https:\/\/puntoycomaspanish.nl\/nl\/wp-json\/wp\/v2\/media?parent=1010"}],"curies":[{"name":"wp","href":"https:\/\/api.w.org\/{rel}","templated":true}]}}